{"id":911,"date":"2022-05-03T17:04:34","date_gmt":"2022-05-03T15:04:34","guid":{"rendered":"http:\/\/mrt-dresden.com\/?page_id=911"},"modified":"2026-02-08T21:03:28","modified_gmt":"2026-02-08T20:03:28","slug":"informationen","status":"publish","type":"page","link":"https:\/\/mrt-dresden.com\/en\/informationen\/","title":{"rendered":"Informationen"},"content":{"rendered":"<div data-elementor-type=\"wp-page\" data-elementor-id=\"911\" class=\"elementor elementor-911\">\n\t\t\t\t\t\t<section class=\"elementor-section elementor-top-section elementor-element elementor-element-605d6eb7 elementor-section-full_width elementor-section-height-min-height elementor-section-height-default elementor-section-items-middle\" data-id=\"605d6eb7\" data-element_type=\"section\" data-settings=\"{&quot;background_background&quot;:&quot;classic&quot;}\">\n\t\t\t\t\t\t<div class=\"elementor-container elementor-column-gap-default\">\n\t\t\t\t\t<div class=\"elementor-column elementor-col-100 elementor-top-column elementor-element elementor-element-754f61f4\" data-id=\"754f61f4\" data-element_type=\"column\">\n\t\t\t<div class=\"elementor-widget-wrap\">\n\t\t\t\t\t\t\t<\/div>\n\t\t<\/div>\n\t\t\t\t\t<\/div>\n\t\t<\/section>\n\t\t\t\t<section class=\"elementor-section elementor-top-section elementor-element elementor-element-22cd5327 elementor-section-boxed elementor-section-height-default elementor-section-height-default\" data-id=\"22cd5327\" data-element_type=\"section\">\n\t\t\t\t\t\t<div class=\"elementor-container elementor-column-gap-default\">\n\t\t\t\t\t<div class=\"elementor-column elementor-col-100 elementor-top-column elementor-element elementor-element-770c34b8\" data-id=\"770c34b8\" data-element_type=\"column\">\n\t\t\t<div class=\"elementor-widget-wrap elementor-element-populated\">\n\t\t\t\t\t\t<div class=\"elementor-element elementor-element-45b353cd elementor-widget elementor-widget-heading\" data-id=\"45b353cd\" data-element_type=\"widget\" data-widget_type=\"heading.default\">\n\t\t\t\t<div class=\"elementor-widget-container\">\n\t\t\t<style>\/*! elementor - v3.23.0 - 05-08-2024 *\/\n.elementor-heading-title{padding:0;margin:0;line-height:1}.elementor-widget-heading .elementor-heading-title[class*=elementor-size-]>a{color:inherit;font-size:inherit;line-height:inherit}.elementor-widget-heading .elementor-heading-title.elementor-size-small{font-size:15px}.elementor-widget-heading .elementor-heading-title.elementor-size-medium{font-size:19px}.elementor-widget-heading .elementor-heading-title.elementor-size-large{font-size:29px}.elementor-widget-heading .elementor-heading-title.elementor-size-xl{font-size:39px}.elementor-widget-heading .elementor-heading-title.elementor-size-xxl{font-size:59px}<\/style><h2 class=\"elementor-heading-title elementor-size-default\">Further information for patients and referring physicians<\/h2>\t\t<\/div>\n\t\t\t\t<\/div>\n\t\t\t\t\t<\/div>\n\t\t<\/div>\n\t\t\t\t\t<\/div>\n\t\t<\/section>\n\t\t\t\t<section class=\"elementor-section elementor-top-section elementor-element elementor-element-5e7731a9 elementor-section-boxed elementor-section-height-default elementor-section-height-default\" data-id=\"5e7731a9\" data-element_type=\"section\">\n\t\t\t\t\t\t<div class=\"elementor-container elementor-column-gap-default\">\n\t\t\t\t\t<div class=\"elementor-column elementor-col-100 elementor-top-column elementor-element elementor-element-1fcd0b10\" data-id=\"1fcd0b10\" data-element_type=\"column\">\n\t\t\t<div class=\"elementor-widget-wrap elementor-element-populated\">\n\t\t\t\t\t\t<div class=\"elementor-element elementor-element-2811237b elementor-widget elementor-widget-text-editor\" data-id=\"2811237b\" data-element_type=\"widget\" data-widget_type=\"text-editor.default\">\n\t\t\t\t<div class=\"elementor-widget-container\">\n\t\t\t<style>\/*! elementor - v3.23.0 - 05-08-2024 *\/\n.elementor-widget-text-editor.elementor-drop-cap-view-stacked .elementor-drop-cap{background-color:#69727d;color:#fff}.elementor-widget-text-editor.elementor-drop-cap-view-framed .elementor-drop-cap{color:#69727d;border:3px solid;background-color:transparent}.elementor-widget-text-editor:not(.elementor-drop-cap-view-default) .elementor-drop-cap{margin-top:8px}.elementor-widget-text-editor:not(.elementor-drop-cap-view-default) .elementor-drop-cap-letter{width:1em;height:1em}.elementor-widget-text-editor .elementor-drop-cap{float:left;text-align:center;line-height:1;font-size:50px}.elementor-widget-text-editor .elementor-drop-cap-letter{display:inline-block}<\/style>\t\t\t\t<p><!-- wp:paragraph --><\/p>\n<p>Here you can find additional useful information about our radiology practice.<\/p>\n<p><!-- \/wp:paragraph --><!-- wp:paragraph --><\/p>\n<p><!-- \/wp:paragraph --><\/p>\t\t\t\t\t\t<\/div>\n\t\t\t\t<\/div>\n\t\t\t\t\t<\/div>\n\t\t<\/div>\n\t\t\t\t\t<\/div>\n\t\t<\/section>\n\t\t\t\t<section class=\"elementor-section elementor-top-section elementor-element elementor-element-3baca0df elementor-section-boxed elementor-section-height-default elementor-section-height-default\" data-id=\"3baca0df\" data-element_type=\"section\">\n\t\t\t\t\t\t<div class=\"elementor-container elementor-column-gap-default\">\n\t\t\t\t\t<div class=\"elementor-column elementor-col-100 elementor-top-column elementor-element elementor-element-2e4fbb4\" data-id=\"2e4fbb4\" data-element_type=\"column\">\n\t\t\t<div class=\"elementor-widget-wrap elementor-element-populated\">\n\t\t\t\t\t\t<div class=\"elementor-element elementor-element-28bd4c8 elementor-icon-list--layout-traditional elementor-list-item-link-full_width elementor-widget elementor-widget-icon-list\" data-id=\"28bd4c8\" data-element_type=\"widget\" data-widget_type=\"icon-list.default\">\n\t\t\t\t<div class=\"elementor-widget-container\">\n\t\t\t<link rel=\"stylesheet\" href=\"https:\/\/mrt-dresden.com\/wp-content\/plugins\/elementor\/assets\/css\/widget-icon-list.min.css\">\t\t<ul class=\"elementor-icon-list-items\">\n\t\t\t\t\t\t\t<li class=\"elementor-icon-list-item\">\n\t\t\t\t\t\t\t\t\t\t\t<a href=\"https:\/\/ssk.de\/publikationen\/2025-10-28-orientierungshilfe\" target=\"_blank\">\n\n\t\t\t\t\t\t\t\t\t\t\t\t<span class=\"elementor-icon-list-icon\">\n\t\t\t\t\t\t\t<i aria-hidden=\"true\" class=\"far fa-file-pdf\"><\/i>\t\t\t\t\t\t<\/span>\n\t\t\t\t\t\t\t\t\t\t<span class=\"elementor-icon-list-text\">Brochure: \u201cGuidance for Imaging Examinations\u201d by the Radiation Protection Commission<\/span>\n\t\t\t\t\t\t\t\t\t\t\t<\/a>\n\t\t\t\t\t\t\t\t\t<\/li>\n\t\t\t\t\t\t\t\t<li class=\"elementor-icon-list-item\">\n\t\t\t\t\t\t\t\t\t\t\t<a href=\"https:\/\/www.bfs.de\/DE\/themen\/ion\/anwendung-medizin\/diagnostik\/roentgen\/nutzen-risiko.html\" target=\"_blank\">\n\n\t\t\t\t\t\t\t\t\t\t\t\t<span class=\"elementor-icon-list-icon\">\n\t\t\t\t\t\t\t<i aria-hidden=\"true\" class=\"fas fa-external-link-alt\"><\/i>\t\t\t\t\t\t<\/span>\n\t\t\t\t\t\t\t\t\t\t<span class=\"elementor-icon-list-text\">\u201cBenefits and Risks of X-Ray Diagnostics\u201d by the Federal Office for Radiation Protection \u2013 BfS (external website)<\/span>\n\t\t\t\t\t\t\t\t\t\t\t<\/a>\n\t\t\t\t\t\t\t\t\t<\/li>\n\t\t\t\t\t\t\t\t<li class=\"elementor-icon-list-item\">\n\t\t\t\t\t\t\t\t\t\t\t<a href=\"https:\/\/www.drg.de\/\" target=\"_blank\">\n\n\t\t\t\t\t\t\t\t\t\t\t\t<span class=\"elementor-icon-list-icon\">\n\t\t\t\t\t\t\t<i aria-hidden=\"true\" class=\"fas fa-external-link-alt\"><\/i>\t\t\t\t\t\t<\/span>\n\t\t\t\t\t\t\t\t\t\t<span class=\"elementor-icon-list-text\">German Radiological Society (external website)<\/span>\n\t\t\t\t\t\t\t\t\t\t\t<\/a>\n\t\t\t\t\t\t\t\t\t<\/li>\n\t\t\t\t\t\t\t\t<li class=\"elementor-icon-list-item\">\n\t\t\t\t\t\t\t\t\t\t\t<a href=\"https:\/\/www.srg-roentgen.de\/\" target=\"_blank\">\n\n\t\t\t\t\t\t\t\t\t\t\t\t<span class=\"elementor-icon-list-icon\">\n\t\t\t\t\t\t\t<i aria-hidden=\"true\" class=\"fas fa-external-link-alt\"><\/i>\t\t\t\t\t\t<\/span>\n\t\t\t\t\t\t\t\t\t\t<span class=\"elementor-icon-list-text\">Saxon Radiological Society (external website)<\/span>\n\t\t\t\t\t\t\t\t\t\t\t<\/a>\n\t\t\t\t\t\t\t\t\t<\/li>\n\t\t\t\t\t\t\t\t<li class=\"elementor-icon-list-item\">\n\t\t\t\t\t\t\t\t\t\t\t<a href=\"https:\/\/www.bfs.de\/DE\/home\/home_node.html\" target=\"_blank\">\n\n\t\t\t\t\t\t\t\t\t\t\t\t<span class=\"elementor-icon-list-icon\">\n\t\t\t\t\t\t\t<i aria-hidden=\"true\" class=\"fas fa-external-link-alt\"><\/i>\t\t\t\t\t\t<\/span>\n\t\t\t\t\t\t\t\t\t\t<span class=\"elementor-icon-list-text\">Federal Office for Radiation Protection (external website)<\/span>\n\t\t\t\t\t\t\t\t\t\t\t<\/a>\n\t\t\t\t\t\t\t\t\t<\/li>\n\t\t\t\t\t\t\t\t<li class=\"elementor-icon-list-item\">\n\t\t\t\t\t\t\t\t\t\t\t<a href=\"https:\/\/www.kvsachsen.de\/\" target=\"_blank\">\n\n\t\t\t\t\t\t\t\t\t\t\t\t<span class=\"elementor-icon-list-icon\">\n\t\t\t\t\t\t\t<i aria-hidden=\"true\" class=\"fas fa-external-link-alt\"><\/i>\t\t\t\t\t\t<\/span>\n\t\t\t\t\t\t\t\t\t\t<span class=\"elementor-icon-list-text\">Association of Statutory Health Insurance Physicians of Saxony (external website)<\/span>\n\t\t\t\t\t\t\t\t\t\t\t<\/a>\n\t\t\t\t\t\t\t\t\t<\/li>\n\t\t\t\t\t\t\t\t<li class=\"elementor-icon-list-item\">\n\t\t\t\t\t\t\t\t\t\t\t<a href=\"https:\/\/www.slaek.de\/de\/patienten.php\">\n\n\t\t\t\t\t\t\t\t\t\t\t\t<span class=\"elementor-icon-list-icon\">\n\t\t\t\t\t\t\t<i aria-hidden=\"true\" class=\"fas fa-external-link-alt\"><\/i>\t\t\t\t\t\t<\/span>\n\t\t\t\t\t\t\t\t\t\t<span class=\"elementor-icon-list-text\">The State Chamber of Physicians of Saxony (external website)<\/span>\n\t\t\t\t\t\t\t\t\t\t\t<\/a>\n\t\t\t\t\t\t\t\t\t<\/li>\n\t\t\t\t\t\t<\/ul>\n\t\t\t\t<\/div>\n\t\t\t\t<\/div>\n\t\t\t\t\t<\/div>\n\t\t<\/div>\n\t\t\t\t\t<\/div>\n\t\t<\/section>\n\t\t\t\t<section class=\"elementor-section elementor-top-section elementor-element elementor-element-261c073a elementor-section-boxed elementor-section-height-default elementor-section-height-default\" data-id=\"261c073a\" data-element_type=\"section\">\n\t\t\t\t\t\t<div class=\"elementor-container elementor-column-gap-default\">\n\t\t\t\t\t<div class=\"elementor-column elementor-col-100 elementor-top-column elementor-element elementor-element-3ff4952a\" data-id=\"3ff4952a\" data-element_type=\"column\">\n\t\t\t<div class=\"elementor-widget-wrap elementor-element-populated\">\n\t\t\t\t\t\t<div class=\"elementor-element elementor-element-4c147be1 elementor-widget elementor-widget-text-editor\" data-id=\"4c147be1\" data-element_type=\"widget\" data-widget_type=\"text-editor.default\">\n\t\t\t\t<div class=\"elementor-widget-container\">\n\t\t\t\t\t\t\t<p><strong>Dresden Neustadt Municipal Hospital<\/strong><br \/>Academic teaching hospital of the Technical University of Dresden<\/p><p><a href=\"https:\/\/www.khdn.de\/\" target=\"_blank\" rel=\"noopener\">https:\/\/www.khdn.de\/<\/a><\/p>\t\t\t\t\t\t<\/div>\n\t\t\t\t<\/div>\n\t\t\t\t<div class=\"elementor-element elementor-element-1aa3311 elementor-widget elementor-widget-text-editor\" data-id=\"1aa3311\" data-element_type=\"widget\" data-widget_type=\"text-editor.default\">\n\t\t\t\t<div class=\"elementor-widget-container\">\n\t\t\t\t\t\t\t<p><strong>St.-Marien Hospital Dresden <\/strong><br \/>Specialized hospital for psychiatry, psychotherapy, and neurology<br \/><br \/><a href=\"https:\/\/www.stmarienkh-dd.de\" target=\"_blank\" rel=\"noopener\">https:\/\/www.stmarienkh-dd.de<\/a><\/p>\t\t\t\t\t\t<\/div>\n\t\t\t\t<\/div>\n\t\t\t\t<div class=\"elementor-element elementor-element-c6c3a54 elementor-widget elementor-widget-text-editor\" data-id=\"c6c3a54\" data-element_type=\"widget\" data-widget_type=\"text-editor.default\">\n\t\t\t\t<div class=\"elementor-widget-container\">\n\t\t\t\t\t\t\t<p><strong>Elbland Clinic Radebeul<\/strong><br \/>Heinrich-Zille-Str. 13<br \/>01445 Radebeul<br \/><br \/><a href=\"https:\/\/www.elblandkliniken.de\" target=\"_blank\" rel=\"noopener\">https:\/\/www.elblandkliniken.de<\/a><\/p>\t\t\t\t\t\t<\/div>\n\t\t\t\t<\/div>\n\t\t\t\t\t<\/div>\n\t\t<\/div>\n\t\t\t\t\t<\/div>\n\t\t<\/section>\n\t\t\t\t<\/div>","protected":false},"excerpt":{"rendered":"<p>Weiterf\u00fchrende Informationen f\u00fcr Patienten und Zuweiser\u200b Hier finden Sie weitere n\u00fctzliche Informationen rund um die Radiologische Praxis Brosch\u00fcre: &#8222;Orientierungshilfe f\u00fcr bildgebende Untersuchungen&#8220; der Strahlenschutzkommision &#8222;Nutzen und Risiko der R\u00f6ntgendiagnostik&#8220; des Bundesamts f\u00fcr Strahlenschutz &#8211; BfS (externe Webseite) Deutsche R\u00f6ntgengesellschaft (externe Webseite) S\u00e4chsische Radiologische Gesellschaft (externe Webseite) Bundesamt f\u00fcr Strahlenschutz (externe Webseite) Kassen\u00e4rztliche Vereinigung Sachsen (externe [&hellip;]<\/p>","protected":false},"author":1,"featured_media":0,"parent":0,"menu_order":0,"comment_status":"closed","ping_status":"closed","template":"elementor_theme","meta":{"footnotes":""},"class_list":["post-911","page","type-page","status-publish","hentry"],"yoast_head":"<!-- This site is optimized with the Yoast SEO plugin v26.5 - https:\/\/yoast.com\/wordpress\/plugins\/seo\/ -->\n<title>Informationen - Radiologische Praxis Dresden - Radebeul<\/title>\n<meta name=\"robots\" content=\"index, follow, max-snippet:-1, max-image-preview:large, max-video-preview:-1\" \/>\n<link rel=\"canonical\" href=\"https:\/\/mrt-dresden.com\/en\/informationen\/\" \/>\n<meta property=\"og:locale\" content=\"en_GB\" \/>\n<meta property=\"og:type\" content=\"article\" \/>\n<meta property=\"og:title\" content=\"Informationen - Radiologische Praxis Dresden - Radebeul\" \/>\n<meta property=\"og:description\" content=\"Weiterf\u00fchrende Informationen f\u00fcr Patienten und Zuweiser\u200b Hier finden Sie weitere n\u00fctzliche Informationen rund um die Radiologische Praxis Brosch\u00fcre: &#8222;Orientierungshilfe f\u00fcr bildgebende Untersuchungen&#8220; der Strahlenschutzkommision &#8222;Nutzen und Risiko der R\u00f6ntgendiagnostik&#8220; des Bundesamts f\u00fcr Strahlenschutz &#8211; BfS (externe Webseite) Deutsche R\u00f6ntgengesellschaft (externe Webseite) S\u00e4chsische Radiologische Gesellschaft (externe Webseite) Bundesamt f\u00fcr Strahlenschutz (externe Webseite) Kassen\u00e4rztliche Vereinigung Sachsen (externe [&hellip;]\" \/>\n<meta property=\"og:url\" content=\"https:\/\/mrt-dresden.com\/en\/informationen\/\" \/>\n<meta property=\"og:site_name\" content=\"Radiologische Praxis Dresden - Radebeul\" \/>\n<meta property=\"article:modified_time\" content=\"2026-02-08T20:03:28+00:00\" \/>\n<meta name=\"twitter:card\" content=\"summary_large_image\" \/>\n<meta name=\"twitter:label1\" content=\"Estimated reading time\" \/>\n\t<meta name=\"twitter:data1\" content=\"1 minute\" \/>\n<script type=\"application\/ld+json\" class=\"yoast-schema-graph\">{\"@context\":\"https:\/\/schema.org\",\"@graph\":[{\"@type\":\"WebPage\",\"@id\":\"https:\/\/mrt-dresden.com\/informationen\/\",\"url\":\"https:\/\/mrt-dresden.com\/informationen\/\",\"name\":\"Informationen - Radiologische Praxis Dresden - Radebeul\",\"isPartOf\":{\"@id\":\"https:\/\/mrt-dresden.com\/#website\"},\"datePublished\":\"2022-05-03T15:04:34+00:00\",\"dateModified\":\"2026-02-08T20:03:28+00:00\",\"breadcrumb\":{\"@id\":\"https:\/\/mrt-dresden.com\/informationen\/#breadcrumb\"},\"inLanguage\":\"en-GB\",\"potentialAction\":[{\"@type\":\"ReadAction\",\"target\":[\"https:\/\/mrt-dresden.com\/informationen\/\"]}]},{\"@type\":\"BreadcrumbList\",\"@id\":\"https:\/\/mrt-dresden.com\/informationen\/#breadcrumb\",\"itemListElement\":[{\"@type\":\"ListItem\",\"position\":1,\"name\":\"Startseite\",\"item\":\"https:\/\/mrt-dresden.com\/\"},{\"@type\":\"ListItem\",\"position\":2,\"name\":\"Informationen\"}]},{\"@type\":\"WebSite\",\"@id\":\"https:\/\/mrt-dresden.com\/#website\",\"url\":\"https:\/\/mrt-dresden.com\/\",\"name\":\"Radiologische Praxis Dresden - Radebeul\",\"description\":\"Ultraschall, R\u00f6ntgen, Mammographie, CT, MRT, CT-gest\u00fctzte Schmerztherapie, individuelle Gesundheitsleistungen\",\"publisher\":{\"@id\":\"https:\/\/mrt-dresden.com\/#organization\"},\"potentialAction\":[{\"@type\":\"SearchAction\",\"target\":{\"@type\":\"EntryPoint\",\"urlTemplate\":\"https:\/\/mrt-dresden.com\/?s={search_term_string}\"},\"query-input\":{\"@type\":\"PropertyValueSpecification\",\"valueRequired\":true,\"valueName\":\"search_term_string\"}}],\"inLanguage\":\"en-GB\"},{\"@type\":\"Organization\",\"@id\":\"https:\/\/mrt-dresden.com\/#organization\",\"name\":\"Radiologische Praxis Dresden - Radebeul\",\"url\":\"https:\/\/mrt-dresden.com\/\",\"logo\":{\"@type\":\"ImageObject\",\"inLanguage\":\"en-GB\",\"@id\":\"https:\/\/mrt-dresden.com\/#\/schema\/logo\/image\/\",\"url\":\"https:\/\/mrt-dresden.com\/wp-content\/uploads\/2022\/02\/Logo_gehirn.png\",\"contentUrl\":\"https:\/\/mrt-dresden.com\/wp-content\/uploads\/2022\/02\/Logo_gehirn.png\",\"width\":181,\"height\":199,\"caption\":\"Radiologische Praxis Dresden - Radebeul\"},\"image\":{\"@id\":\"https:\/\/mrt-dresden.com\/#\/schema\/logo\/image\/\"}}]}<\/script>\n<!-- \/ Yoast SEO plugin. -->","yoast_head_json":{"title":"Informationen - Radiologische Praxis Dresden - Radebeul","robots":{"index":"index","follow":"follow","max-snippet":"max-snippet:-1","max-image-preview":"max-image-preview:large","max-video-preview":"max-video-preview:-1"},"canonical":"https:\/\/mrt-dresden.com\/en\/informationen\/","og_locale":"en_GB","og_type":"article","og_title":"Informationen - Radiologische Praxis Dresden - Radebeul","og_description":"Weiterf\u00fchrende Informationen f\u00fcr Patienten und Zuweiser\u200b Hier finden Sie weitere n\u00fctzliche Informationen rund um die Radiologische Praxis Brosch\u00fcre: &#8222;Orientierungshilfe f\u00fcr bildgebende Untersuchungen&#8220; der Strahlenschutzkommision &#8222;Nutzen und Risiko der R\u00f6ntgendiagnostik&#8220; des Bundesamts f\u00fcr Strahlenschutz &#8211; BfS (externe Webseite) Deutsche R\u00f6ntgengesellschaft (externe Webseite) S\u00e4chsische Radiologische Gesellschaft (externe Webseite) Bundesamt f\u00fcr Strahlenschutz (externe Webseite) Kassen\u00e4rztliche Vereinigung Sachsen (externe [&hellip;]","og_url":"https:\/\/mrt-dresden.com\/en\/informationen\/","og_site_name":"Radiologische Praxis Dresden - Radebeul","article_modified_time":"2026-02-08T20:03:28+00:00","twitter_card":"summary_large_image","twitter_misc":{"Estimated reading time":"1 minute"},"schema":{"@context":"https:\/\/schema.org","@graph":[{"@type":"WebPage","@id":"https:\/\/mrt-dresden.com\/informationen\/","url":"https:\/\/mrt-dresden.com\/informationen\/","name":"Informationen - Radiologische Praxis Dresden - Radebeul","isPartOf":{"@id":"https:\/\/mrt-dresden.com\/#website"},"datePublished":"2022-05-03T15:04:34+00:00","dateModified":"2026-02-08T20:03:28+00:00","breadcrumb":{"@id":"https:\/\/mrt-dresden.com\/informationen\/#breadcrumb"},"inLanguage":"en-GB","potentialAction":[{"@type":"ReadAction","target":["https:\/\/mrt-dresden.com\/informationen\/"]}]},{"@type":"BreadcrumbList","@id":"https:\/\/mrt-dresden.com\/informationen\/#breadcrumb","itemListElement":[{"@type":"ListItem","position":1,"name":"Startseite","item":"https:\/\/mrt-dresden.com\/"},{"@type":"ListItem","position":2,"name":"Informationen"}]},{"@type":"WebSite","@id":"https:\/\/mrt-dresden.com\/#website","url":"https:\/\/mrt-dresden.com\/","name":"Radiologische Praxis Dresden - Radebeul","description":"Ultraschall, R\u00f6ntgen, Mammographie, CT, MRT, CT-gest\u00fctzte Schmerztherapie, individuelle Gesundheitsleistungen","publisher":{"@id":"https:\/\/mrt-dresden.com\/#organization"},"potentialAction":[{"@type":"SearchAction","target":{"@type":"EntryPoint","urlTemplate":"https:\/\/mrt-dresden.com\/?s={search_term_string}"},"query-input":{"@type":"PropertyValueSpecification","valueRequired":true,"valueName":"search_term_string"}}],"inLanguage":"en-GB"},{"@type":"Organization","@id":"https:\/\/mrt-dresden.com\/#organization","name":"Radiologische Praxis Dresden - Radebeul","url":"https:\/\/mrt-dresden.com\/","logo":{"@type":"ImageObject","inLanguage":"en-GB","@id":"https:\/\/mrt-dresden.com\/#\/schema\/logo\/image\/","url":"https:\/\/mrt-dresden.com\/wp-content\/uploads\/2022\/02\/Logo_gehirn.png","contentUrl":"https:\/\/mrt-dresden.com\/wp-content\/uploads\/2022\/02\/Logo_gehirn.png","width":181,"height":199,"caption":"Radiologische Praxis Dresden - Radebeul"},"image":{"@id":"https:\/\/mrt-dresden.com\/#\/schema\/logo\/image\/"}}]}},"publishpress_future_workflow_manual_trigger":{"enabledWorkflows":[]},"_links":{"self":[{"href":"https:\/\/mrt-dresden.com\/en\/wp-json\/wp\/v2\/pages\/911","targetHints":{"allow":["GET"]}}],"collection":[{"href":"https:\/\/mrt-dresden.com\/en\/wp-json\/wp\/v2\/pages"}],"about":[{"href":"https:\/\/mrt-dresden.com\/en\/wp-json\/wp\/v2\/types\/page"}],"author":[{"embeddable":true,"href":"https:\/\/mrt-dresden.com\/en\/wp-json\/wp\/v2\/users\/1"}],"replies":[{"embeddable":true,"href":"https:\/\/mrt-dresden.com\/en\/wp-json\/wp\/v2\/comments?post=911"}],"version-history":[{"count":46,"href":"https:\/\/mrt-dresden.com\/en\/wp-json\/wp\/v2\/pages\/911\/revisions"}],"predecessor-version":[{"id":19936,"href":"https:\/\/mrt-dresden.com\/en\/wp-json\/wp\/v2\/pages\/911\/revisions\/19936"}],"wp:attachment":[{"href":"https:\/\/mrt-dresden.com\/en\/wp-json\/wp\/v2\/media?parent=911"}],"curies":[{"name":"wp","href":"https:\/\/api.w.org\/{rel}","templated":true}]}}